{"id":39,"date":"2019-05-22T23:23:33","date_gmt":"2019-05-22T21:23:33","guid":{"rendered":"https:\/\/www.lilla-psychotherapie.de\/?page_id=39"},"modified":"2023-05-15T19:17:51","modified_gmt":"2023-05-15T17:17:51","slug":"impressum","status":"publish","type":"page","link":"https:\/\/www.lilla-psychotherapie.de\/?page_id=39","title":{"rendered":"Kontakt &#038; Impressum"},"content":{"rendered":"\n<p><strong>Dipl. Psych. Franziska Lilla<\/strong><\/p>\n\n\n\n<p>Ps<em>ychologische Psychotherapeutin<\/em><\/p>\n\n\n\n<p>Bruderm\u00fchlstrasse 14<\/p>\n\n\n\n<p>81371 M\u00fcnchen<\/p>\n\n\n\n<figure><iframe loading=\"lazy\" src=\"https:\/\/www.google.com\/maps\/embed?pb=!1m18!1m12!1m3!1d2663.900579885177!2d11.550651315814168!3d48.1121535609101!2m3!1f0!2f0!3f0!3m2!1i1024!2i768!4f13.1!3m3!1m2!1s0x479ddf39fd399d33%3A0x550fffd068878deb!2zQnJ1ZGVybcO8aGxzdHJhw59lIDE0LCA4MTM3MSBNw7xuY2hlbg!5e0!3m2!1sde!2sde!4v1558561340080!5m2!1sde!2sde\" allowfullscreen=\"\" width=\"600\" height=\"450\"><\/iframe><\/figure>\n\n\n\n<p><strong>Email:<\/strong>   mail@lilla-psychotherapie.de<\/p>\n\n\n\n<p><strong>Telefon: <\/strong>  0179 \/ 13 84 314<\/p>\n\n\n\n<p><strong>BSNR:<\/strong>   636967400<\/p>\n\n\n\n<p><strong>LANR:<\/strong>   650603068<\/p>\n\n\n\n<p>Aus standesrechtlichen Gr\u00fcnden weise ich darauf hin, dass meine Internetseiten der Information meiner Patienten dienen und keinen Werbecharakter tragen. Selbstverst\u00e4ndlich k\u00f6nnen Sie eine Psychotherapie auch bei einem anderen Psychotherapeuten Ihres Vertrauens in Anspruch nehmen.<\/p>\n\n\n\n<p><strong>Datenschutzvereinbarung: <\/strong><\/p>\n\n\n\n<p> <a rel=\"noreferrer noopener\" aria-label=\" (\u00f6ffnet in neuem Tab)\" href=\"https:\/\/www.lilla-psychotherapie.de\/?page_id=28\" target=\"_blank\">https:\/\/www.lilla-psychotherapie.de\/?page_id=28<\/a> <\/p>\n\n\n\n<p><strong>Pflichtangaben gem\u00e4\u00df \u00a7 5 Telemediengesetz<\/strong>:<\/p>\n\n\n\n<p>Psychotherapeutische Praxis<br>Dipl.-Psych. Franziska Lilla<br>Psychologische Psychotherapeutin<br>Bruderm\u00fchlstrasse 14<br>81371 M\u00fcnchen<\/p>\n\n\n\n<p>Telefon: 0179 \/ 13 84 314<br>Email: mail@lilla-psychotherapie.de<br><a rel=\"noreferrer noopener\" aria-label=\" (\u00f6ffnet in neuem Tab)\" href=\"http:\/\/www.lilla-psychotherapie.de\" target=\"_blank\">www.lilla-psychotherapie.de<\/a><\/p>\n\n\n\n<p><strong>Gesetzliche Berufsbezeichnungen:<br><\/strong>Diplom-Psychologin (Univ.)<br>Diplom erworben in der Bundesrepublik Deutschland<br>(Universit\u00e4t Bamberg, Bamberg)<br>Psychologische Psychotherapeutin<br>Approbation verliehen in der Bundesrepublik Deutschland<br>(Regierung von Oberbayern, M\u00fcnchen)<\/p>\n\n\n\n<p><strong>Zust\u00e4ndige Kammer (Aufsichtsbeh\u00f6rde):<\/strong><br>Psychotherapeutenkammer Bayern<br>Birketweg 30<br>80639 M\u00fcnchen<br>Fon:&nbsp;089 \/ 51 55 55 \u20130<br>Internet:&nbsp;<strong><a rel=\"noreferrer noopener\" aria-label=\" (\u00f6ffnet in neuem Tab)\" href=\"http:\/\/www.ptk-bayern.de\/\" target=\"_blank\">http:\/\/www.ptk-bayern.de<\/a><\/strong><\/p>\n\n\n\n<p><strong>Zust\u00e4ndige Kassen\u00e4rztliche Vereinigung&nbsp;&nbsp;(Aufsichtsbeh\u00f6rde):<\/strong><br>Kassen\u00e4rztliche Vereinigung Bayerns<br>Elsenheimerstr. 39<br>80687 M\u00fcnchen<br>Internet:&nbsp;<strong><a href=\"http:\/\/www.kvb.de\/\" target=\"_blank\" rel=\"noreferrer noopener\" aria-label=\" (\u00f6ffnet in neuem Tab)\">http:\/\/www.kvb.de<\/a><\/strong><\/p>\n\n\n\n<p><strong>Berufsrechtliche Regelungen:<\/strong><br><a href=\"http:\/\/www.ptk-bayern.de\/ptk\/web.nsf\/id\/li_satzungen.html\"><strong>Berufsordnung<\/strong><\/a>\u00a0f\u00fcr die Psychotherapeutenkammer Bayern<\/p>\n\n\n\n<p>Gesetz \u00fcber die Berufe des Psychologischen Psychotherapeuten und<br>des Kinder- und Jugendlichenpsychotherapeuten&nbsp;<br>(<strong><a href=\"http:\/\/www.ptk-bayern.de\/ptk\/web.nsf\/id\/li_rechtsquellen.html\" target=\"_blank\" rel=\"noreferrer noopener\" aria-label=\" (\u00f6ffnet in neuem Tab)\">Psychotherapeutengesetz<\/a><\/strong>&nbsp;&#8211; PsychThG)<\/p>\n\n\n\n<p>Gesetz \u00fcber die Berufsaus\u00fcbung, die Berufsvertretungen und die Berufsgerichtsbarkeit der \u00c4rzte, Zahn\u00e4rzte, Tier\u00e4rzte, Apotheker sowie der Psychologischen Psychotherapeuten und der Kinder- und Jugendlichenpsychotherapeuten (<a href=\"http:\/\/www.ptk-bayern.de\/ptk\/web.nsf\/id\/li_rechtsquellen.html\"><strong>Heilberufekammergesetz<\/strong><\/a>&nbsp;&#8211; HKaG)<\/p>\n\n\n\n<p><strong>Verantwortlich f\u00fcr den Internetauftritt:<br><\/strong>Franziska Lilla<\/p>\n\n\n\n<p><strong>Verantwortungsbereich:<\/strong><br>Dieses Impressum gilt f\u00fcr meine Internetpr\u00e4senz unter der Adresse:&nbsp;<strong><a rel=\"noreferrer noopener\" aria-label=\" (\u00f6ffnet in neuem Tab)\" href=\"http:\/\/www.lilla-psychotherapie.de\" target=\"_blank\">http:\/\/www.lilla-psychotherapie.de<\/a><\/strong><\/p>\n\n\n\n<p><strong>Haftungsausschluss:<\/strong><\/p>\n\n\n\n<p>Ich habe diese Internetseiten sorgf\u00e4ltig und nach bestem Wissen erstellt. Ich \u00fcbernehme jedoch f\u00fcr die bereitgestellten Informationen keine Garantie und keine Haftung. Ich \u00fcbernehme dar\u00fcber hinaus keine Verantwortung und keine Haftung f\u00fcr die Gestaltung und den Inhalt von Medien oder Internet-Seiten anderer Anbieter, auf die ich direkt oder indirekt verweise. F\u00fcr den Inhalt dieser Medien bzw. der verlinkten Seiten sind ausschlie\u00dflich deren Autoren, Verleger bzw. deren Betreiber verantwortlich.<\/p>\n","protected":false},"excerpt":{"rendered":"<p>Dipl. Psych. Franziska Lilla Psychologische Psychotherapeutin Bruderm\u00fchlstrasse 14 81371 M\u00fcnchen Email: mail@lilla-psychotherapie.de Telefon: 0179 \/ 13 84 314 BSNR: 636967400 LANR: 650603068 Aus standesrechtlichen Gr\u00fcnden weise ich darauf hin, dass meine Internetseiten der Information meiner Patienten dienen und keinen Werbecharakter tragen. Selbstverst\u00e4ndlich k\u00f6nnen Sie eine Psychotherapie auch bei einem anderen Psychotherapeuten Ihres Vertrauens in Anspruch &hellip; <\/p>\n<p class=\"link-more\"><a href=\"https:\/\/www.lilla-psychotherapie.de\/?page_id=39\" class=\"more-link\"><span class=\"screen-reader-text\">\u201eKontakt &#038; Impressum\u201c <\/span>weiterlesen<\/a><\/p>\n","protected":false},"author":1,"featured_media":0,"parent":0,"menu_order":0,"comment_status":"closed","ping_status":"closed","template":"","meta":{"footnotes":""},"class_list":["post-39","page","type-page","status-publish","hentry"],"_links":{"self":[{"href":"https:\/\/www.lilla-psychotherapie.de\/index.php?rest_route=\/wp\/v2\/pages\/39","targetHints":{"allow":["GET"]}}],"collection":[{"href":"https:\/\/www.lilla-psychotherapie.de\/index.php?rest_route=\/wp\/v2\/pages"}],"about":[{"href":"https:\/\/www.lilla-psychotherapie.de\/index.php?rest_route=\/wp\/v2\/types\/page"}],"author":[{"embeddable":true,"href":"https:\/\/www.lilla-psychotherapie.de\/index.php?rest_route=\/wp\/v2\/users\/1"}],"replies":[{"embeddable":true,"href":"https:\/\/www.lilla-psychotherapie.de\/index.php?rest_route=%2Fwp%2Fv2%2Fcomments&post=39"}],"version-history":[{"count":21,"href":"https:\/\/www.lilla-psychotherapie.de\/index.php?rest_route=\/wp\/v2\/pages\/39\/revisions"}],"predecessor-version":[{"id":136,"href":"https:\/\/www.lilla-psychotherapie.de\/index.php?rest_route=\/wp\/v2\/pages\/39\/revisions\/136"}],"wp:attachment":[{"href":"https:\/\/www.lilla-psychotherapie.de\/index.php?rest_route=%2Fwp%2Fv2%2Fmedia&parent=39"}],"curies":[{"name":"wp","href":"https:\/\/api.w.org\/{rel}","templated":true}]}}